{"id":14481,"date":"2021-07-09T05:36:55","date_gmt":"2021-07-09T05:36:55","guid":{"rendered":"https:\/\/wanhakoulu.fi\/catering-and-dining\/"},"modified":"2024-08-21T11:22:42","modified_gmt":"2024-08-21T11:22:42","slug":"catering-and-dining","status":"publish","type":"page","link":"https:\/\/wanhakoulu.fi\/en\/catering-and-dining\/","title":{"rendered":"Catering and dining"},"content":{"rendered":"\t\t<div data-elementor-type=\"wp-page\" data-elementor-id=\"14481\" class=\"elementor elementor-14481 elementor-3289\" data-elementor-post-type=\"page\">\n\t\t\t\t\t\t<section class=\"elementor-section elementor-top-section elementor-element elementor-element-64b9752a elementor-section-height-min-height elementor-section-boxed elementor-section-height-default elementor-section-items-middle\" data-id=\"64b9752a\" data-element_type=\"section\" data-e-type=\"section\" data-settings=\"{&quot;background_background&quot;:&quot;classic&quot;,&quot;background_motion_fx_motion_fx_scrolling&quot;:&quot;yes&quot;,&quot;background_motion_fx_translateY_effect&quot;:&quot;yes&quot;,&quot;background_motion_fx_translateY_speed&quot;:{&quot;unit&quot;:&quot;px&quot;,&quot;size&quot;:4,&quot;sizes&quot;:[]},&quot;background_motion_fx_translateY_affectedRange&quot;:{&quot;unit&quot;:&quot;%&quot;,&quot;size&quot;:&quot;&quot;,&quot;sizes&quot;:{&quot;start&quot;:0,&quot;end&quot;:100}},&quot;background_motion_fx_devices&quot;:[&quot;desktop&quot;,&quot;tablet&quot;,&quot;mobile&quot;]}\">\n\t\t\t\t\t\t\t<div class=\"elementor-background-overlay\"><\/div>\n\t\t\t\t\t\t\t<div class=\"elementor-container elementor-column-gap-default\">\n\t\t\t\t\t<div class=\"elementor-column elementor-col-100 elementor-top-column elementor-element elementor-element-35281bd2\" data-id=\"35281bd2\" data-element_type=\"column\" data-e-type=\"column\">\n\t\t\t<div class=\"elementor-widget-wrap elementor-element-populated\">\n\t\t\t\t\t\t<section class=\"elementor-section elementor-inner-section elementor-element elementor-element-524f8830 elementor-section-full_width elementor-section-height-default elementor-section-height-default\" data-id=\"524f8830\" data-element_type=\"section\" data-e-type=\"section\">\n\t\t\t\t\t\t<div class=\"elementor-container elementor-column-gap-wide\">\n\t\t\t\t\t<div class=\"elementor-column elementor-col-50 elementor-inner-column elementor-element elementor-element-c098b5d\" data-id=\"c098b5d\" data-element_type=\"column\" data-e-type=\"column\">\n\t\t\t<div class=\"elementor-widget-wrap elementor-element-populated\">\n\t\t\t\t\t\t<div class=\"elementor-element elementor-element-56a841b7 white elementor-widget elementor-widget-heading\" data-id=\"56a841b7\" data-element_type=\"widget\" data-e-type=\"widget\" data-widget_type=\"heading.default\">\n\t\t\t\t<div class=\"elementor-widget-container\">\n\t\t\t\t\t<h1 class=\"elementor-heading-title elementor-size-default\">Catering and dining<\/h1>\t\t\t\t<\/div>\n\t\t\t\t<\/div>\n\t\t\t\t<div class=\"elementor-element elementor-element-51a5f4a7 elementor-widget-divider--view-line elementor-widget elementor-widget-divider\" data-id=\"51a5f4a7\" data-element_type=\"widget\" data-e-type=\"widget\" data-widget_type=\"divider.default\">\n\t\t\t\t<div class=\"elementor-widget-container\">\n\t\t\t\t\t\t\t<div class=\"elementor-divider\">\n\t\t\t<span class=\"elementor-divider-separator\">\n\t\t\t\t\t\t<\/span>\n\t\t<\/div>\n\t\t\t\t\t\t<\/div>\n\t\t\t\t<\/div>\n\t\t\t\t<div class=\"elementor-element elementor-element-2d5cd770 lead white elementor-widget elementor-widget-text-editor\" data-id=\"2d5cd770\" data-element_type=\"widget\" data-e-type=\"widget\" data-widget_type=\"text-editor.default\">\n\t\t\t\t<div class=\"elementor-widget-container\">\n\t\t\t\t\t\t\t\t\t<p>Do you also want to take a holiday from cooking? You can order catering services directly to Wanha koulu!<\/p>\n\t\t\t\t\t\t\t\t<\/div>\n\t\t\t\t<\/div>\n\t\t\t\t\t<\/div>\n\t\t<\/div>\n\t\t\t\t<div class=\"elementor-column elementor-col-50 elementor-inner-column elementor-element elementor-element-1cf3ab8\" data-id=\"1cf3ab8\" data-element_type=\"column\" data-e-type=\"column\">\n\t\t\t<div class=\"elementor-widget-wrap\">\n\t\t\t\t\t\t\t<\/div>\n\t\t<\/div>\n\t\t\t\t\t<\/div>\n\t\t<\/section>\n\t\t\t\t\t<\/div>\n\t\t<\/div>\n\t\t\t\t\t<\/div>\n\t\t<\/section>\n\t\t\t\t<section class=\"elementor-section elementor-top-section elementor-element elementor-element-995d156 elementor-section-boxed elementor-section-height-default elementor-section-height-default\" data-id=\"995d156\" data-element_type=\"section\" data-e-type=\"section\">\n\t\t\t\t\t\t<div class=\"elementor-container elementor-column-gap-default\">\n\t\t\t\t\t<div class=\"elementor-column elementor-col-100 elementor-top-column elementor-element elementor-element-68282d1b\" data-id=\"68282d1b\" data-element_type=\"column\" data-e-type=\"column\">\n\t\t\t<div class=\"elementor-widget-wrap elementor-element-populated\">\n\t\t\t\t\t\t<section class=\"elementor-section elementor-inner-section elementor-element elementor-element-2acdab16 elementor-section-boxed elementor-section-height-default elementor-section-height-default\" data-id=\"2acdab16\" data-element_type=\"section\" data-e-type=\"section\">\n\t\t\t\t\t\t<div class=\"elementor-container elementor-column-gap-wide\">\n\t\t\t\t\t<div class=\"elementor-column elementor-col-50 elementor-inner-column elementor-element elementor-element-5421e29d\" data-id=\"5421e29d\" data-element_type=\"column\" data-e-type=\"column\">\n\t\t\t<div class=\"elementor-widget-wrap elementor-element-populated\">\n\t\t\t\t\t\t<div class=\"elementor-element elementor-element-6df83ae lead elementor-widget elementor-widget-text-editor\" data-id=\"6df83ae\" data-element_type=\"widget\" data-e-type=\"widget\" data-widget_type=\"text-editor.default\">\n\t\t\t\t<div class=\"elementor-widget-container\">\n\t\t\t\t\t\t\t\t\t<p>Restaurants<a href=\"https:\/\/www.ravintolapolli.fi\/\" target=\"_blank\" rel=\"noopener\"> P\u00f6lli<\/a> and <a href=\"http:\/\/www.ravintolakaisla.fi\/\" target=\"_blank\" rel=\"noopener\">Kaisla<\/a> conjured up awesome meals for you to order. <\/p>\n\t\t\t\t\t\t\t\t<\/div>\n\t\t\t\t<\/div>\n\t\t\t\t<div class=\"elementor-element elementor-element-59908ad elementor-widget elementor-widget-text-editor\" data-id=\"59908ad\" data-element_type=\"widget\" data-e-type=\"widget\" data-widget_type=\"text-editor.default\">\n\t\t\t\t<div class=\"elementor-widget-container\">\n\t\t\t\t\t\t\t\t\t<h3>Restaurant P\u00f6lli<\/h3>\n<p>Nilsi\u00e4ntie 76, 73300 Nilsi\u00e4<br \/> p.<strong>050 494 6118<\/strong><br \/>tilaukset@ravintolapolli.fi<\/p>\n<p>Download restaurant P\u00f6lli&#8217;s catering menu <a href=\"https:\/\/wanhakoulu.fi\/wp-content\/uploads\/2022\/09\/CATERING2023.pdf\" target=\"_blank\" rel=\"noopener\">here<\/a><\/p>\n\t\t\t\t\t\t\t\t<\/div>\n\t\t\t\t<\/div>\n\t\t\t\t<div class=\"elementor-element elementor-element-cfdd097 elementor-widget elementor-widget-text-editor\" data-id=\"cfdd097\" data-element_type=\"widget\" data-e-type=\"widget\" data-widget_type=\"text-editor.default\">\n\t\t\t\t<div class=\"elementor-widget-container\">\n\t\t\t\t\t\t\t\t\t<h3>Restaurant Kaisla<\/h3>\n<p>Viitakuja 5, 73310 Tahkovuori<\/p>\n<p><strong>Tel. 050 365 9458<\/strong><br \/>sales(at)ravintolakaisla.fi<br \/>www.facebook.com\/ravintolakaisla<\/p>\n<p><strong>Entrepreneur:<\/strong><br \/>Anne Joronen<br \/>Pitomesta Ky ( 2413811-9 )<br \/>Tel.<br \/>\n050 3659 458<br \/>anne.joronen(at)ravintolakaisla.fi <\/p>\n\t\t\t\t\t\t\t\t<\/div>\n\t\t\t\t<\/div>\n\t\t\t\t<div class=\"elementor-element elementor-element-4495b1a elementor-widget-divider--view-line elementor-widget elementor-widget-divider\" data-id=\"4495b1a\" data-element_type=\"widget\" data-e-type=\"widget\" data-widget_type=\"divider.default\">\n\t\t\t\t<div class=\"elementor-widget-container\">\n\t\t\t\t\t\t\t<div class=\"elementor-divider\">\n\t\t\t<span class=\"elementor-divider-separator\">\n\t\t\t\t\t\t<\/span>\n\t\t<\/div>\n\t\t\t\t\t\t<\/div>\n\t\t\t\t<\/div>\n\t\t\t\t<div class=\"elementor-element elementor-element-a82689d elementor-widget elementor-widget-text-editor\" data-id=\"a82689d\" data-element_type=\"widget\" data-e-type=\"widget\" data-widget_type=\"text-editor.default\">\n\t\t\t\t<div class=\"elementor-widget-container\">\n\t\t\t\t\t\t\t\t\t<p>You will also find various options for catering services and dining in Tahko<a href=\"https:\/\/www.tahkoexperience.fi\/fi\/ruokailut\/\" target=\"_blank\" rel=\"noopener\"> From Tahko Experience \u00bb<\/a><\/p>\n\t\t\t\t\t\t\t\t<\/div>\n\t\t\t\t<\/div>\n\t\t\t\t\t<\/div>\n\t\t<\/div>\n\t\t\t\t<div class=\"elementor-column elementor-col-50 elementor-inner-column elementor-element elementor-element-72da8123\" data-id=\"72da8123\" data-element_type=\"column\" data-e-type=\"column\">\n\t\t\t<div class=\"elementor-widget-wrap elementor-element-populated\">\n\t\t\t\t\t\t<div class=\"elementor-element elementor-element-6bfc014 elementor-invisible elementor-widget elementor-widget-image\" data-id=\"6bfc014\" data-element_type=\"widget\" data-e-type=\"widget\" data-settings=\"{&quot;_animation&quot;:&quot;fadeIn&quot;}\" data-widget_type=\"image.default\">\n\t\t\t\t<div class=\"elementor-widget-container\">\n\t\t\t\t\t\t\t\t\t\t\t\t\t\t\t<img fetchpriority=\"high\" decoding=\"async\" width=\"768\" height=\"1152\" src=\"https:\/\/wanhakoulu.fi\/wp-content\/uploads\/2021\/07\/Wanhakoulu-catering-tilaa-ruokaa-768x1152.jpg\" class=\"attachment-medium_large size-medium_large wp-image-10986\" alt=\"\" srcset=\"https:\/\/wanhakoulu.fi\/wp-content\/uploads\/2021\/07\/Wanhakoulu-catering-tilaa-ruokaa-768x1152.jpg 768w, https:\/\/wanhakoulu.fi\/wp-content\/uploads\/2021\/07\/Wanhakoulu-catering-tilaa-ruokaa-200x300.jpg 200w, https:\/\/wanhakoulu.fi\/wp-content\/uploads\/2021\/07\/Wanhakoulu-catering-tilaa-ruokaa-683x1024.jpg 683w, https:\/\/wanhakoulu.fi\/wp-content\/uploads\/2021\/07\/Wanhakoulu-catering-tilaa-ruokaa-1024x1536.jpg 1024w, https:\/\/wanhakoulu.fi\/wp-content\/uploads\/2021\/07\/Wanhakoulu-catering-tilaa-ruokaa.jpg 1200w\" sizes=\"(max-width: 768px) 100vw, 768px\" \/>\t\t\t\t\t\t\t\t\t\t\t\t\t\t\t<\/div>\n\t\t\t\t<\/div>\n\t\t\t\t\t<\/div>\n\t\t<\/div>\n\t\t\t\t\t<\/div>\n\t\t<\/section>\n\t\t\t\t<section class=\"elementor-section elementor-inner-section elementor-element elementor-element-c6a18c7 elementor-section-boxed elementor-section-height-default elementor-section-height-default\" data-id=\"c6a18c7\" data-element_type=\"section\" data-e-type=\"section\">\n\t\t\t\t\t\t<div class=\"elementor-container elementor-column-gap-wide\">\n\t\t\t\t\t<div class=\"elementor-column elementor-col-100 elementor-inner-column elementor-element elementor-element-e2aac37\" data-id=\"e2aac37\" data-element_type=\"column\" data-e-type=\"column\">\n\t\t\t<div class=\"elementor-widget-wrap\">\n\t\t\t\t\t\t\t<\/div>\n\t\t<\/div>\n\t\t\t\t\t<\/div>\n\t\t<\/section>\n\t\t\t\t\t<\/div>\n\t\t<\/div>\n\t\t\t\t\t<\/div>\n\t\t<\/section>\n\t\t\t\t<\/div>\n\t\t","protected":false},"excerpt":{"rendered":"<p>Do you also want to take a holiday from cooking? You can order catering services directly to Wanha koulu! Restaurants P\u00f6lli and Kaisla conjured up awesome meals for you to order. Restaurant P\u00f6lli Nilsi\u00e4ntie 76, 73300 Nilsi\u00e4 p.050 494 6118tilaukset@ravintolapolli.fi Download restaurant P\u00f6lli&#8217;s catering menu here Restaurant Kaisla Viitakuja 5, 73310 Tahkovuori Tel. 050 365 [&hellip;]<\/p>\n","protected":false},"author":1,"featured_media":10985,"parent":0,"menu_order":0,"comment_status":"closed","ping_status":"closed","template":"elementor_header_footer","meta":{"footnotes":""},"class_list":["post-14481","page","type-page","status-publish","has-post-thumbnail","hentry"],"yoast_head":"<!-- This site is optimized with the Yoast SEO plugin v27.4 - https:\/\/yoast.com\/product\/yoast-seo-wordpress\/ -->\n<title>Catering and dining - Wanha koulu Tahkovuori<\/title>\n<meta name=\"description\" content=\"Catering in Tahko. Restaurants P\u00f6lli and Kaisla conjured up awesome meals for you to order. You can order catering services to Wanha koulu!\" \/>\n<meta name=\"robots\" content=\"index, follow, max-snippet:-1, max-image-preview:large, max-video-preview:-1\" \/>\n<link rel=\"canonical\" href=\"https:\/\/wanhakoulu.fi\/en\/catering-and-dining\/\" \/>\n<meta property=\"og:locale\" content=\"en_US\" \/>\n<meta property=\"og:type\" content=\"article\" \/>\n<meta property=\"og:title\" content=\"Catering and dining - Wanha koulu Tahkovuori\" \/>\n<meta property=\"og:description\" content=\"Catering in Tahko. Restaurants P\u00f6lli and Kaisla conjured up awesome meals for you to order. You can order catering services to Wanha koulu!\" \/>\n<meta property=\"og:url\" content=\"https:\/\/wanhakoulu.fi\/en\/catering-and-dining\/\" \/>\n<meta property=\"og:site_name\" content=\"Wanha koulu Tahkovuori\" \/>\n<meta property=\"article:modified_time\" content=\"2024-08-21T11:22:42+00:00\" \/>\n<meta property=\"og:image\" content=\"https:\/\/wanhakoulu.fi\/wp-content\/uploads\/2021\/07\/Wanhakoulu-catering-tilaa-ruokaa-mokille.jpg\" \/>\n\t<meta property=\"og:image:width\" content=\"1920\" \/>\n\t<meta property=\"og:image:height\" content=\"1440\" \/>\n\t<meta property=\"og:image:type\" content=\"image\/jpeg\" \/>\n<meta name=\"twitter:card\" content=\"summary_large_image\" \/>\n<script type=\"application\/ld+json\" class=\"yoast-schema-graph\">{\"@context\":\"https:\\\/\\\/schema.org\",\"@graph\":[{\"@type\":\"WebPage\",\"@id\":\"https:\\\/\\\/wanhakoulu.fi\\\/en\\\/catering-and-dining\\\/\",\"url\":\"https:\\\/\\\/wanhakoulu.fi\\\/en\\\/catering-and-dining\\\/\",\"name\":\"Catering and dining - Wanha koulu Tahkovuori\",\"isPartOf\":{\"@id\":\"https:\\\/\\\/wanhakoulu.fi\\\/en\\\/#website\"},\"primaryImageOfPage\":{\"@id\":\"https:\\\/\\\/wanhakoulu.fi\\\/en\\\/catering-and-dining\\\/#primaryimage\"},\"image\":{\"@id\":\"https:\\\/\\\/wanhakoulu.fi\\\/en\\\/catering-and-dining\\\/#primaryimage\"},\"thumbnailUrl\":\"https:\\\/\\\/wanhakoulu.fi\\\/wp-content\\\/uploads\\\/2021\\\/07\\\/Wanhakoulu-catering-tilaa-ruokaa-mokille.jpg\",\"datePublished\":\"2021-07-09T05:36:55+00:00\",\"dateModified\":\"2024-08-21T11:22:42+00:00\",\"description\":\"Catering in Tahko. Restaurants P\u00f6lli and Kaisla conjured up awesome meals for you to order. You can order catering services to Wanha koulu!\",\"breadcrumb\":{\"@id\":\"https:\\\/\\\/wanhakoulu.fi\\\/en\\\/catering-and-dining\\\/#breadcrumb\"},\"inLanguage\":\"en-US\",\"potentialAction\":[{\"@type\":\"ReadAction\",\"target\":[\"https:\\\/\\\/wanhakoulu.fi\\\/en\\\/catering-and-dining\\\/\"]}]},{\"@type\":\"ImageObject\",\"inLanguage\":\"en-US\",\"@id\":\"https:\\\/\\\/wanhakoulu.fi\\\/en\\\/catering-and-dining\\\/#primaryimage\",\"url\":\"https:\\\/\\\/wanhakoulu.fi\\\/wp-content\\\/uploads\\\/2021\\\/07\\\/Wanhakoulu-catering-tilaa-ruokaa-mokille.jpg\",\"contentUrl\":\"https:\\\/\\\/wanhakoulu.fi\\\/wp-content\\\/uploads\\\/2021\\\/07\\\/Wanhakoulu-catering-tilaa-ruokaa-mokille.jpg\",\"width\":1920,\"height\":1440},{\"@type\":\"BreadcrumbList\",\"@id\":\"https:\\\/\\\/wanhakoulu.fi\\\/en\\\/catering-and-dining\\\/#breadcrumb\",\"itemListElement\":[{\"@type\":\"ListItem\",\"position\":1,\"name\":\"Home\",\"item\":\"https:\\\/\\\/wanhakoulu.fi\\\/en\\\/tahko-accommodation\\\/\"},{\"@type\":\"ListItem\",\"position\":2,\"name\":\"Catering and dining\"}]},{\"@type\":\"WebSite\",\"@id\":\"https:\\\/\\\/wanhakoulu.fi\\\/en\\\/#website\",\"url\":\"https:\\\/\\\/wanhakoulu.fi\\\/en\\\/\",\"name\":\"Wanha koulu Tahkovuori\",\"description\":\"Majoitusta Tahkolla perheille ja ryhmille\",\"publisher\":{\"@id\":\"https:\\\/\\\/wanhakoulu.fi\\\/en\\\/#organization\"},\"potentialAction\":[{\"@type\":\"SearchAction\",\"target\":{\"@type\":\"EntryPoint\",\"urlTemplate\":\"https:\\\/\\\/wanhakoulu.fi\\\/en\\\/?s={search_term_string}\"},\"query-input\":{\"@type\":\"PropertyValueSpecification\",\"valueRequired\":true,\"valueName\":\"search_term_string\"}}],\"inLanguage\":\"en-US\"},{\"@type\":\"Organization\",\"@id\":\"https:\\\/\\\/wanhakoulu.fi\\\/en\\\/#organization\",\"name\":\"Wanha koulu Tahkovuori\",\"url\":\"https:\\\/\\\/wanhakoulu.fi\\\/en\\\/\",\"logo\":{\"@type\":\"ImageObject\",\"inLanguage\":\"en-US\",\"@id\":\"https:\\\/\\\/wanhakoulu.fi\\\/en\\\/#\\\/schema\\\/logo\\\/image\\\/\",\"url\":\"https:\\\/\\\/wanhakoulu.fi\\\/wp-content\\\/uploads\\\/2021\\\/07\\\/wanhakoulu-logo-white.png\",\"contentUrl\":\"https:\\\/\\\/wanhakoulu.fi\\\/wp-content\\\/uploads\\\/2021\\\/07\\\/wanhakoulu-logo-white.png\",\"width\":670,\"height\":94,\"caption\":\"Wanha koulu Tahkovuori\"},\"image\":{\"@id\":\"https:\\\/\\\/wanhakoulu.fi\\\/en\\\/#\\\/schema\\\/logo\\\/image\\\/\"}}]}<\/script>\n<!-- \/ Yoast SEO plugin. -->","yoast_head_json":{"title":"Catering and dining - Wanha koulu Tahkovuori","description":"Catering in Tahko. Restaurants P\u00f6lli and Kaisla conjured up awesome meals for you to order. You can order catering services to Wanha koulu!","robots":{"index":"index","follow":"follow","max-snippet":"max-snippet:-1","max-image-preview":"max-image-preview:large","max-video-preview":"max-video-preview:-1"},"canonical":"https:\/\/wanhakoulu.fi\/en\/catering-and-dining\/","og_locale":"en_US","og_type":"article","og_title":"Catering and dining - Wanha koulu Tahkovuori","og_description":"Catering in Tahko. Restaurants P\u00f6lli and Kaisla conjured up awesome meals for you to order. You can order catering services to Wanha koulu!","og_url":"https:\/\/wanhakoulu.fi\/en\/catering-and-dining\/","og_site_name":"Wanha koulu Tahkovuori","article_modified_time":"2024-08-21T11:22:42+00:00","og_image":[{"width":1920,"height":1440,"url":"https:\/\/wanhakoulu.fi\/wp-content\/uploads\/2021\/07\/Wanhakoulu-catering-tilaa-ruokaa-mokille.jpg","type":"image\/jpeg"}],"twitter_card":"summary_large_image","schema":{"@context":"https:\/\/schema.org","@graph":[{"@type":"WebPage","@id":"https:\/\/wanhakoulu.fi\/en\/catering-and-dining\/","url":"https:\/\/wanhakoulu.fi\/en\/catering-and-dining\/","name":"Catering and dining - Wanha koulu Tahkovuori","isPartOf":{"@id":"https:\/\/wanhakoulu.fi\/en\/#website"},"primaryImageOfPage":{"@id":"https:\/\/wanhakoulu.fi\/en\/catering-and-dining\/#primaryimage"},"image":{"@id":"https:\/\/wanhakoulu.fi\/en\/catering-and-dining\/#primaryimage"},"thumbnailUrl":"https:\/\/wanhakoulu.fi\/wp-content\/uploads\/2021\/07\/Wanhakoulu-catering-tilaa-ruokaa-mokille.jpg","datePublished":"2021-07-09T05:36:55+00:00","dateModified":"2024-08-21T11:22:42+00:00","description":"Catering in Tahko. Restaurants P\u00f6lli and Kaisla conjured up awesome meals for you to order. You can order catering services to Wanha koulu!","breadcrumb":{"@id":"https:\/\/wanhakoulu.fi\/en\/catering-and-dining\/#breadcrumb"},"inLanguage":"en-US","potentialAction":[{"@type":"ReadAction","target":["https:\/\/wanhakoulu.fi\/en\/catering-and-dining\/"]}]},{"@type":"ImageObject","inLanguage":"en-US","@id":"https:\/\/wanhakoulu.fi\/en\/catering-and-dining\/#primaryimage","url":"https:\/\/wanhakoulu.fi\/wp-content\/uploads\/2021\/07\/Wanhakoulu-catering-tilaa-ruokaa-mokille.jpg","contentUrl":"https:\/\/wanhakoulu.fi\/wp-content\/uploads\/2021\/07\/Wanhakoulu-catering-tilaa-ruokaa-mokille.jpg","width":1920,"height":1440},{"@type":"BreadcrumbList","@id":"https:\/\/wanhakoulu.fi\/en\/catering-and-dining\/#breadcrumb","itemListElement":[{"@type":"ListItem","position":1,"name":"Home","item":"https:\/\/wanhakoulu.fi\/en\/tahko-accommodation\/"},{"@type":"ListItem","position":2,"name":"Catering and dining"}]},{"@type":"WebSite","@id":"https:\/\/wanhakoulu.fi\/en\/#website","url":"https:\/\/wanhakoulu.fi\/en\/","name":"Wanha koulu Tahkovuori","description":"Majoitusta Tahkolla perheille ja ryhmille","publisher":{"@id":"https:\/\/wanhakoulu.fi\/en\/#organization"},"potentialAction":[{"@type":"SearchAction","target":{"@type":"EntryPoint","urlTemplate":"https:\/\/wanhakoulu.fi\/en\/?s={search_term_string}"},"query-input":{"@type":"PropertyValueSpecification","valueRequired":true,"valueName":"search_term_string"}}],"inLanguage":"en-US"},{"@type":"Organization","@id":"https:\/\/wanhakoulu.fi\/en\/#organization","name":"Wanha koulu Tahkovuori","url":"https:\/\/wanhakoulu.fi\/en\/","logo":{"@type":"ImageObject","inLanguage":"en-US","@id":"https:\/\/wanhakoulu.fi\/en\/#\/schema\/logo\/image\/","url":"https:\/\/wanhakoulu.fi\/wp-content\/uploads\/2021\/07\/wanhakoulu-logo-white.png","contentUrl":"https:\/\/wanhakoulu.fi\/wp-content\/uploads\/2021\/07\/wanhakoulu-logo-white.png","width":670,"height":94,"caption":"Wanha koulu Tahkovuori"},"image":{"@id":"https:\/\/wanhakoulu.fi\/en\/#\/schema\/logo\/image\/"}}]}},"_links":{"self":[{"href":"https:\/\/wanhakoulu.fi\/en\/wp-json\/wp\/v2\/pages\/14481","targetHints":{"allow":["GET"]}}],"collection":[{"href":"https:\/\/wanhakoulu.fi\/en\/wp-json\/wp\/v2\/pages"}],"about":[{"href":"https:\/\/wanhakoulu.fi\/en\/wp-json\/wp\/v2\/types\/page"}],"author":[{"embeddable":true,"href":"https:\/\/wanhakoulu.fi\/en\/wp-json\/wp\/v2\/users\/1"}],"replies":[{"embeddable":true,"href":"https:\/\/wanhakoulu.fi\/en\/wp-json\/wp\/v2\/comments?post=14481"}],"version-history":[{"count":1,"href":"https:\/\/wanhakoulu.fi\/en\/wp-json\/wp\/v2\/pages\/14481\/revisions"}],"predecessor-version":[{"id":14482,"href":"https:\/\/wanhakoulu.fi\/en\/wp-json\/wp\/v2\/pages\/14481\/revisions\/14482"}],"wp:featuredmedia":[{"embeddable":true,"href":"https:\/\/wanhakoulu.fi\/en\/wp-json\/wp\/v2\/media\/10985"}],"wp:attachment":[{"href":"https:\/\/wanhakoulu.fi\/en\/wp-json\/wp\/v2\/media?parent=14481"}],"curies":[{"name":"wp","href":"https:\/\/api.w.org\/{rel}","templated":true}]}}